{"id":3527,"date":"2023-11-23T07:49:35","date_gmt":"2023-11-23T13:49:35","guid":{"rendered":"https:\/\/tecnopec.com\/tecnologia-produccion-pecuaria\/?post_type=product&#038;p=3527"},"modified":"2023-11-23T07:49:35","modified_gmt":"2023-11-23T13:49:35","slug":"matabicheras","status":"publish","type":"product","link":"https:\/\/tecnopec.com\/tecnologia-produccion-pecuaria\/index.php\/product\/matabicheras\/","title":{"rendered":"MATABICHERAS"},"content":{"rendered":"<p><strong>Composi\u00f3n:\u00a0<\/strong><\/p>\n<p>100 g del producto contienen:<\/p>\n<p>Clorfenvinfos (Fosfato de 0,0-dietil-0-(2-cloro-1-(2,4-diclorofenil)-vinilo)) 0,52 g<\/p>\n<p>Diclorvos (Fosfato de 0,0-dimetil y de 0-(2,2-diclorovinilo)) 0,83 g<\/p>\n<p>Excipientes c.s.p. 100 g<\/p>\n<p><strong>Dosis:<\/strong><\/p>\n<p>Aplicar el producto cubriendo la lesi\u00f3n y sus alrededores, manteniendo el aerosol a una distancia de unos 10 &#8211; 20 cm de la lesi\u00f3n a tratar.<\/p>\n<p><strong>Especie:\u00a0<\/strong><\/p>\n<p>Bovinos<\/p>\n","protected":false},"excerpt":{"rendered":"<p>Matabicheras es un repelente y cicatrizante, formulado a base de Vapona y Supona, dos productos insecticidas fosforados y Violeta de Genciana, quimioterap\u00e9utico y cicatrizante. La profunda acci\u00f3n inicial de la Vapona permite la eliminaci\u00f3n activa de larvas. Al mismo tiempo, la Supona con su poder residual protege las partes tratadas, evitando la aproximaci\u00f3n de insectos y la reinfecci\u00f3n de las heridas. El elevado poder cicatrizante del Violeta de Genciana conduce a una inmediata recuperaci\u00f3n de los tejidos afectados. La coloraci\u00f3n violeta conferida por el producto es pasajera y permite identificar las lesiones en los animales tratados.<\/p>\n","protected":false},"featured_media":3528,"comment_status":"open","ping_status":"closed","template":"","meta":[],"product_brand":[],"product_cat":[51],"product_tag":[],"class_list":{"0":"post-3527","1":"product","2":"type-product","3":"status-publish","4":"has-post-thumbnail","6":"product_cat-especiales","8":"first","9":"instock","10":"shipping-taxable","11":"product-type-simple"},"_links":{"self":[{"href":"https:\/\/tecnopec.com\/tecnologia-produccion-pecuaria\/index.php\/wp-json\/wp\/v2\/product\/3527","targetHints":{"allow":["GET"]}}],"collection":[{"href":"https:\/\/tecnopec.com\/tecnologia-produccion-pecuaria\/index.php\/wp-json\/wp\/v2\/product"}],"about":[{"href":"https:\/\/tecnopec.com\/tecnologia-produccion-pecuaria\/index.php\/wp-json\/wp\/v2\/types\/product"}],"replies":[{"embeddable":true,"href":"https:\/\/tecnopec.com\/tecnologia-produccion-pecuaria\/index.php\/wp-json\/wp\/v2\/comments?post=3527"}],"wp:featuredmedia":[{"embeddable":true,"href":"https:\/\/tecnopec.com\/tecnologia-produccion-pecuaria\/index.php\/wp-json\/wp\/v2\/media\/3528"}],"wp:attachment":[{"href":"https:\/\/tecnopec.com\/tecnologia-produccion-pecuaria\/index.php\/wp-json\/wp\/v2\/media?parent=3527"}],"wp:term":[{"taxonomy":"product_brand","embeddable":true,"href":"https:\/\/tecnopec.com\/tecnologia-produccion-pecuaria\/index.php\/wp-json\/wp\/v2\/product_brand?post=3527"},{"taxonomy":"product_cat","embeddable":true,"href":"https:\/\/tecnopec.com\/tecnologia-produccion-pecuaria\/index.php\/wp-json\/wp\/v2\/product_cat?post=3527"},{"taxonomy":"product_tag","embeddable":true,"href":"https:\/\/tecnopec.com\/tecnologia-produccion-pecuaria\/index.php\/wp-json\/wp\/v2\/product_tag?post=3527"}],"curies":[{"name":"wp","href":"https:\/\/api.w.org\/{rel}","templated":true}]}}