{"id":3340,"date":"2023-11-21T08:34:54","date_gmt":"2023-11-21T14:34:54","guid":{"rendered":"https:\/\/tecnopec.com\/tecnologia-produccion-pecuaria\/?post_type=product&#038;p=3340"},"modified":"2024-04-21T19:10:14","modified_gmt":"2024-04-22T01:10:14","slug":"ambic-detector-de-mastitis-2000-av2001","status":"publish","type":"product","link":"https:\/\/tecnopec.com\/tecnologia-produccion-pecuaria\/index.php\/product\/ambic-detector-de-mastitis-2000-av2001\/","title":{"rendered":"AMBIC DETECTOR DE MASTITIS 2000 AV2001"},"content":{"rendered":"","protected":false},"excerpt":{"rendered":"<p>Utilice el Detector de Mastitis Ambic para la detecci\u00f3n temprana e intervenci\u00f3n en infecciones costosas de mastitis. El detector se inserta en una manguera de leche con un di\u00e1metro interno de 9\/16&#8243; o 5\/8&#8243; entre la pezonera y la l\u00ednea de leche. La mastitis cl\u00ednica se indica por los dep\u00f3sitos visibles de co\u00e1gulos en la pantalla posterior de acero inoxidable. Incluso con la pantalla completamente bloqueada, el bypass incorporado mantiene el flujo de leche y el vac\u00edo estable. Fabricado con pl\u00e1stico de calidad alimentaria suave, el detector se desmonta f\u00e1cilmente para facilitar la limpieza.<\/p>\n<p>Ambic Equipment Limited es l\u00edder mundial en el desarrollo y producci\u00f3n de una amplia gama de productos para la higiene l\u00e1ctea, la salud de la ubre y la gesti\u00f3n de la salud del ganado, especializ\u00e1ndose en la prevenci\u00f3n y detecci\u00f3n de mastitis.<\/p>\n","protected":false},"featured_media":3341,"comment_status":"open","ping_status":"closed","template":"","meta":[],"product_brand":[],"product_cat":[76],"product_tag":[],"class_list":{"0":"post-3340","1":"product","2":"type-product","3":"status-publish","4":"has-post-thumbnail","6":"product_cat-repuestos-para-salas-de-ordeno","8":"first","9":"instock","10":"shipping-taxable","11":"product-type-simple"},"_links":{"self":[{"href":"https:\/\/tecnopec.com\/tecnologia-produccion-pecuaria\/index.php\/wp-json\/wp\/v2\/product\/3340","targetHints":{"allow":["GET"]}}],"collection":[{"href":"https:\/\/tecnopec.com\/tecnologia-produccion-pecuaria\/index.php\/wp-json\/wp\/v2\/product"}],"about":[{"href":"https:\/\/tecnopec.com\/tecnologia-produccion-pecuaria\/index.php\/wp-json\/wp\/v2\/types\/product"}],"replies":[{"embeddable":true,"href":"https:\/\/tecnopec.com\/tecnologia-produccion-pecuaria\/index.php\/wp-json\/wp\/v2\/comments?post=3340"}],"wp:featuredmedia":[{"embeddable":true,"href":"https:\/\/tecnopec.com\/tecnologia-produccion-pecuaria\/index.php\/wp-json\/wp\/v2\/media\/3341"}],"wp:attachment":[{"href":"https:\/\/tecnopec.com\/tecnologia-produccion-pecuaria\/index.php\/wp-json\/wp\/v2\/media?parent=3340"}],"wp:term":[{"taxonomy":"product_brand","embeddable":true,"href":"https:\/\/tecnopec.com\/tecnologia-produccion-pecuaria\/index.php\/wp-json\/wp\/v2\/product_brand?post=3340"},{"taxonomy":"product_cat","embeddable":true,"href":"https:\/\/tecnopec.com\/tecnologia-produccion-pecuaria\/index.php\/wp-json\/wp\/v2\/product_cat?post=3340"},{"taxonomy":"product_tag","embeddable":true,"href":"https:\/\/tecnopec.com\/tecnologia-produccion-pecuaria\/index.php\/wp-json\/wp\/v2\/product_tag?post=3340"}],"curies":[{"name":"wp","href":"https:\/\/api.w.org\/{rel}","templated":true}]}}