{"id":3260,"date":"2023-11-15T07:38:58","date_gmt":"2023-11-15T13:38:58","guid":{"rendered":"https:\/\/tecnopec.com\/tecnologia-produccion-pecuaria\/?post_type=product&#038;p=3260"},"modified":"2023-11-15T07:40:31","modified_gmt":"2023-11-15T13:40:31","slug":"base-para-pulsador-ep100-b","status":"publish","type":"product","link":"https:\/\/tecnopec.com\/tecnologia-produccion-pecuaria\/index.php\/product\/base-para-pulsador-ep100-b\/","title":{"rendered":"Base para Pulsador EP100-B"},"content":{"rendered":"","protected":false},"excerpt":{"rendered":"<p>El conjunto DeLaval Body Set EP100 est\u00e1 dise\u00f1ado para su montaje directo en las tuber\u00edas de Bomba vac\u00edo.<\/p>\n","protected":false},"featured_media":3261,"comment_status":"open","ping_status":"closed","template":"","meta":[],"product_brand":[],"product_cat":[75],"product_tag":[],"class_list":{"0":"post-3260","1":"product","2":"type-product","3":"status-publish","4":"has-post-thumbnail","6":"product_cat-repuestos-de-delaval","8":"first","9":"instock","10":"shipping-taxable","11":"product-type-simple"},"_links":{"self":[{"href":"https:\/\/tecnopec.com\/tecnologia-produccion-pecuaria\/index.php\/wp-json\/wp\/v2\/product\/3260","targetHints":{"allow":["GET"]}}],"collection":[{"href":"https:\/\/tecnopec.com\/tecnologia-produccion-pecuaria\/index.php\/wp-json\/wp\/v2\/product"}],"about":[{"href":"https:\/\/tecnopec.com\/tecnologia-produccion-pecuaria\/index.php\/wp-json\/wp\/v2\/types\/product"}],"replies":[{"embeddable":true,"href":"https:\/\/tecnopec.com\/tecnologia-produccion-pecuaria\/index.php\/wp-json\/wp\/v2\/comments?post=3260"}],"wp:featuredmedia":[{"embeddable":true,"href":"https:\/\/tecnopec.com\/tecnologia-produccion-pecuaria\/index.php\/wp-json\/wp\/v2\/media\/3261"}],"wp:attachment":[{"href":"https:\/\/tecnopec.com\/tecnologia-produccion-pecuaria\/index.php\/wp-json\/wp\/v2\/media?parent=3260"}],"wp:term":[{"taxonomy":"product_brand","embeddable":true,"href":"https:\/\/tecnopec.com\/tecnologia-produccion-pecuaria\/index.php\/wp-json\/wp\/v2\/product_brand?post=3260"},{"taxonomy":"product_cat","embeddable":true,"href":"https:\/\/tecnopec.com\/tecnologia-produccion-pecuaria\/index.php\/wp-json\/wp\/v2\/product_cat?post=3260"},{"taxonomy":"product_tag","embeddable":true,"href":"https:\/\/tecnopec.com\/tecnologia-produccion-pecuaria\/index.php\/wp-json\/wp\/v2\/product_tag?post=3260"}],"curies":[{"name":"wp","href":"https:\/\/api.w.org\/{rel}","templated":true}]}}