{"id":3251,"date":"2023-11-14T10:16:44","date_gmt":"2023-11-14T16:16:44","guid":{"rendered":"https:\/\/tecnopec.com\/tecnologia-produccion-pecuaria\/?post_type=product&#038;p=3251"},"modified":"2023-11-14T10:16:45","modified_gmt":"2023-11-14T16:16:45","slug":"medidor-de-leche-mm6","status":"publish","type":"product","link":"https:\/\/tecnopec.com\/tecnologia-produccion-pecuaria\/index.php\/product\/medidor-de-leche-mm6\/","title":{"rendered":"Medidor de Leche MM6"},"content":{"rendered":"","protected":false},"excerpt":{"rendered":"<p>Este medidor de leche, f\u00e1cil de instalar y utilizar, es una herramienta de accionamiento manual para el registro diario, semanal o mensual de la leche.<\/p>\n<div class=\"MuiGrid-root MuiGrid-item MuiGrid-grid-xs-12 MuiGrid-grid-sm-12 MuiGrid-grid-md-4 MuiGrid-grid-lg-4\">\n<div class=\"MuiBox-root jss4963\">\n<div class=\"MuiGrid-root jss4906 jss4913 MuiGrid-container MuiGrid-justify-xs-center\">\n<div class=\"MuiGrid-root jss4914 jss4920 MuiGrid-item MuiGrid-grid-xs-12 MuiGrid-grid-sm-12 MuiGrid-grid-md-12\">\n<div class=\"MuiBox-root jss4965\">\n<div class=\"MuiBox-root jss4966\">\n<div class=\"jss5032\">\n<div>\n<ul class=\"List List--grey List--check\">\n<li class=\"List-item\">El DeLaval MM6 se adapta perfectamente a estabulaciones en cub\u00edculos y a todas las salas de orde\u00f1o de l\u00ednea baja.<\/li>\n<li class=\"List-item\">Puede utilizarse como dispositivo m\u00f3vil cuando sea necesario o permanecer en un sitio fijo.<\/li>\n<\/ul>\n<\/div>\n<\/div>\n<\/div>\n<\/div>\n<\/div>\n<\/div>\n<\/div>\n<\/div>\n<div class=\"MuiGrid-root MuiGrid-item MuiGrid-grid-xs-12 MuiGrid-grid-sm-12 MuiGrid-grid-md-12 MuiGrid-grid-lg-12\">\n<div class=\"MuiBox-root jss4969\">\n<div class=\"MuiBox-root jss4970\">\n<div class=\"MuiBox-root jss4971\">\n<div class=\"MuiBox-root jss4972\">\n<div class=\"jss5034\">\n<div><\/div>\n<\/div>\n<\/div>\n<\/div>\n<\/div>\n<\/div>\n<\/div>\n","protected":false},"featured_media":3252,"comment_status":"open","ping_status":"closed","template":"","meta":[],"product_brand":[],"product_cat":[75],"product_tag":[],"class_list":{"0":"post-3251","1":"product","2":"type-product","3":"status-publish","4":"has-post-thumbnail","6":"product_cat-repuestos-de-delaval","8":"first","9":"instock","10":"shipping-taxable","11":"product-type-simple"},"_links":{"self":[{"href":"https:\/\/tecnopec.com\/tecnologia-produccion-pecuaria\/index.php\/wp-json\/wp\/v2\/product\/3251","targetHints":{"allow":["GET"]}}],"collection":[{"href":"https:\/\/tecnopec.com\/tecnologia-produccion-pecuaria\/index.php\/wp-json\/wp\/v2\/product"}],"about":[{"href":"https:\/\/tecnopec.com\/tecnologia-produccion-pecuaria\/index.php\/wp-json\/wp\/v2\/types\/product"}],"replies":[{"embeddable":true,"href":"https:\/\/tecnopec.com\/tecnologia-produccion-pecuaria\/index.php\/wp-json\/wp\/v2\/comments?post=3251"}],"wp:featuredmedia":[{"embeddable":true,"href":"https:\/\/tecnopec.com\/tecnologia-produccion-pecuaria\/index.php\/wp-json\/wp\/v2\/media\/3252"}],"wp:attachment":[{"href":"https:\/\/tecnopec.com\/tecnologia-produccion-pecuaria\/index.php\/wp-json\/wp\/v2\/media?parent=3251"}],"wp:term":[{"taxonomy":"product_brand","embeddable":true,"href":"https:\/\/tecnopec.com\/tecnologia-produccion-pecuaria\/index.php\/wp-json\/wp\/v2\/product_brand?post=3251"},{"taxonomy":"product_cat","embeddable":true,"href":"https:\/\/tecnopec.com\/tecnologia-produccion-pecuaria\/index.php\/wp-json\/wp\/v2\/product_cat?post=3251"},{"taxonomy":"product_tag","embeddable":true,"href":"https:\/\/tecnopec.com\/tecnologia-produccion-pecuaria\/index.php\/wp-json\/wp\/v2\/product_tag?post=3251"}],"curies":[{"name":"wp","href":"https:\/\/api.w.org\/{rel}","templated":true}]}}