{"id":3181,"date":"2023-11-09T07:14:24","date_gmt":"2023-11-09T13:14:24","guid":{"rendered":"https:\/\/tecnopec.com\/tecnologia-produccion-pecuaria\/?post_type=product&#038;p=3181"},"modified":"2023-11-09T07:14:25","modified_gmt":"2023-11-09T13:14:25","slug":"aplicador-universal","status":"publish","type":"product","link":"https:\/\/tecnopec.com\/tecnologia-produccion-pecuaria\/index.php\/product\/aplicador-universal\/","title":{"rendered":"APLICADOR UNIVERSAL"},"content":{"rendered":"","protected":false},"excerpt":{"rendered":"<p>Este dispositivo permite la inserci\u00f3n segura y precisa del semen en el tracto reproductivo de la hembra, facilitando as\u00ed el proceso de reproducci\u00f3n controlada y mejorando las tasas de \u00e9xito en la inseminaci\u00f3n artificial.<\/p>\n","protected":false},"featured_media":3182,"comment_status":"open","ping_status":"closed","template":"","meta":[],"product_brand":[],"product_cat":[73],"product_tag":[],"class_list":{"0":"post-3181","1":"product","2":"type-product","3":"status-publish","4":"has-post-thumbnail","6":"product_cat-inseminacion-artificial","8":"first","9":"instock","10":"shipping-taxable","11":"product-type-simple"},"_links":{"self":[{"href":"https:\/\/tecnopec.com\/tecnologia-produccion-pecuaria\/index.php\/wp-json\/wp\/v2\/product\/3181","targetHints":{"allow":["GET"]}}],"collection":[{"href":"https:\/\/tecnopec.com\/tecnologia-produccion-pecuaria\/index.php\/wp-json\/wp\/v2\/product"}],"about":[{"href":"https:\/\/tecnopec.com\/tecnologia-produccion-pecuaria\/index.php\/wp-json\/wp\/v2\/types\/product"}],"replies":[{"embeddable":true,"href":"https:\/\/tecnopec.com\/tecnologia-produccion-pecuaria\/index.php\/wp-json\/wp\/v2\/comments?post=3181"}],"wp:featuredmedia":[{"embeddable":true,"href":"https:\/\/tecnopec.com\/tecnologia-produccion-pecuaria\/index.php\/wp-json\/wp\/v2\/media\/3182"}],"wp:attachment":[{"href":"https:\/\/tecnopec.com\/tecnologia-produccion-pecuaria\/index.php\/wp-json\/wp\/v2\/media?parent=3181"}],"wp:term":[{"taxonomy":"product_brand","embeddable":true,"href":"https:\/\/tecnopec.com\/tecnologia-produccion-pecuaria\/index.php\/wp-json\/wp\/v2\/product_brand?post=3181"},{"taxonomy":"product_cat","embeddable":true,"href":"https:\/\/tecnopec.com\/tecnologia-produccion-pecuaria\/index.php\/wp-json\/wp\/v2\/product_cat?post=3181"},{"taxonomy":"product_tag","embeddable":true,"href":"https:\/\/tecnopec.com\/tecnologia-produccion-pecuaria\/index.php\/wp-json\/wp\/v2\/product_tag?post=3181"}],"curies":[{"name":"wp","href":"https:\/\/api.w.org\/{rel}","templated":true}]}}