{"id":3171,"date":"2023-11-08T12:53:42","date_gmt":"2023-11-08T18:53:42","guid":{"rendered":"https:\/\/tecnopec.com\/tecnologia-produccion-pecuaria\/?post_type=product&#038;p=3171"},"modified":"2023-11-08T12:53:47","modified_gmt":"2023-11-08T18:53:47","slug":"guantes-para-palpar-sensibles-azules","status":"publish","type":"product","link":"https:\/\/tecnopec.com\/tecnologia-produccion-pecuaria\/index.php\/product\/guantes-para-palpar-sensibles-azules\/","title":{"rendered":"GUANTES PARA PALPAR SENSIBLES AZULES"},"content":{"rendered":"","protected":false},"excerpt":{"rendered":"<p>Los guantes para hombros s\u00faper sensibles tienen 36&#8243; de largo y est\u00e1n hechos de pl\u00e1stico azul el\u00e1stico de 1 mil. Los guantes sin polvo son delgados y ajustados para una mayor sensibilidad y vienen en una caja dispensadora.<\/p>\n","protected":false},"featured_media":3173,"comment_status":"open","ping_status":"closed","template":"","meta":[],"product_brand":[],"product_cat":[73],"product_tag":[],"class_list":{"0":"post-3171","1":"product","2":"type-product","3":"status-publish","4":"has-post-thumbnail","6":"product_cat-inseminacion-artificial","8":"first","9":"instock","10":"shipping-taxable","11":"product-type-simple"},"_links":{"self":[{"href":"https:\/\/tecnopec.com\/tecnologia-produccion-pecuaria\/index.php\/wp-json\/wp\/v2\/product\/3171","targetHints":{"allow":["GET"]}}],"collection":[{"href":"https:\/\/tecnopec.com\/tecnologia-produccion-pecuaria\/index.php\/wp-json\/wp\/v2\/product"}],"about":[{"href":"https:\/\/tecnopec.com\/tecnologia-produccion-pecuaria\/index.php\/wp-json\/wp\/v2\/types\/product"}],"replies":[{"embeddable":true,"href":"https:\/\/tecnopec.com\/tecnologia-produccion-pecuaria\/index.php\/wp-json\/wp\/v2\/comments?post=3171"}],"wp:featuredmedia":[{"embeddable":true,"href":"https:\/\/tecnopec.com\/tecnologia-produccion-pecuaria\/index.php\/wp-json\/wp\/v2\/media\/3173"}],"wp:attachment":[{"href":"https:\/\/tecnopec.com\/tecnologia-produccion-pecuaria\/index.php\/wp-json\/wp\/v2\/media?parent=3171"}],"wp:term":[{"taxonomy":"product_brand","embeddable":true,"href":"https:\/\/tecnopec.com\/tecnologia-produccion-pecuaria\/index.php\/wp-json\/wp\/v2\/product_brand?post=3171"},{"taxonomy":"product_cat","embeddable":true,"href":"https:\/\/tecnopec.com\/tecnologia-produccion-pecuaria\/index.php\/wp-json\/wp\/v2\/product_cat?post=3171"},{"taxonomy":"product_tag","embeddable":true,"href":"https:\/\/tecnopec.com\/tecnologia-produccion-pecuaria\/index.php\/wp-json\/wp\/v2\/product_tag?post=3171"}],"curies":[{"name":"wp","href":"https:\/\/api.w.org\/{rel}","templated":true}]}}