{"id":3169,"date":"2023-11-08T12:49:03","date_gmt":"2023-11-08T18:49:03","guid":{"rendered":"https:\/\/tecnopec.com\/tecnologia-produccion-pecuaria\/?post_type=product&#038;p=3169"},"modified":"2023-11-08T12:49:05","modified_gmt":"2023-11-08T18:49:05","slug":"fundas-sanitarias","status":"publish","type":"product","link":"https:\/\/tecnopec.com\/tecnologia-produccion-pecuaria\/index.php\/product\/fundas-sanitarias\/","title":{"rendered":"FUNDAS SANITARIAS"},"content":{"rendered":"","protected":false},"excerpt":{"rendered":"<p>Se coloca sobre la funda est\u00e1ndar para brindar protecci\u00f3n adicional durante la inserci\u00f3n y se puede quitar tirando de la ranura para el dedo.<\/p>\n","protected":false},"featured_media":3170,"comment_status":"open","ping_status":"closed","template":"","meta":[],"product_brand":[],"product_cat":[73],"product_tag":[],"class_list":{"0":"post-3169","1":"product","2":"type-product","3":"status-publish","4":"has-post-thumbnail","6":"product_cat-inseminacion-artificial","8":"first","9":"instock","10":"shipping-taxable","11":"product-type-simple"},"_links":{"self":[{"href":"https:\/\/tecnopec.com\/tecnologia-produccion-pecuaria\/index.php\/wp-json\/wp\/v2\/product\/3169","targetHints":{"allow":["GET"]}}],"collection":[{"href":"https:\/\/tecnopec.com\/tecnologia-produccion-pecuaria\/index.php\/wp-json\/wp\/v2\/product"}],"about":[{"href":"https:\/\/tecnopec.com\/tecnologia-produccion-pecuaria\/index.php\/wp-json\/wp\/v2\/types\/product"}],"replies":[{"embeddable":true,"href":"https:\/\/tecnopec.com\/tecnologia-produccion-pecuaria\/index.php\/wp-json\/wp\/v2\/comments?post=3169"}],"wp:featuredmedia":[{"embeddable":true,"href":"https:\/\/tecnopec.com\/tecnologia-produccion-pecuaria\/index.php\/wp-json\/wp\/v2\/media\/3170"}],"wp:attachment":[{"href":"https:\/\/tecnopec.com\/tecnologia-produccion-pecuaria\/index.php\/wp-json\/wp\/v2\/media?parent=3169"}],"wp:term":[{"taxonomy":"product_brand","embeddable":true,"href":"https:\/\/tecnopec.com\/tecnologia-produccion-pecuaria\/index.php\/wp-json\/wp\/v2\/product_brand?post=3169"},{"taxonomy":"product_cat","embeddable":true,"href":"https:\/\/tecnopec.com\/tecnologia-produccion-pecuaria\/index.php\/wp-json\/wp\/v2\/product_cat?post=3169"},{"taxonomy":"product_tag","embeddable":true,"href":"https:\/\/tecnopec.com\/tecnologia-produccion-pecuaria\/index.php\/wp-json\/wp\/v2\/product_tag?post=3169"}],"curies":[{"name":"wp","href":"https:\/\/api.w.org\/{rel}","templated":true}]}}