{"id":3159,"date":"2023-11-08T12:04:19","date_gmt":"2023-11-08T18:04:19","guid":{"rendered":"https:\/\/tecnopec.com\/tecnologia-produccion-pecuaria\/?post_type=product&#038;p=3159"},"modified":"2023-11-09T11:42:33","modified_gmt":"2023-11-09T17:42:33","slug":"wire-strainer-tensor-de-aluminio-1703","status":"publish","type":"product","link":"https:\/\/tecnopec.com\/tecnologia-produccion-pecuaria\/index.php\/product\/wire-strainer-tensor-de-aluminio-1703\/","title":{"rendered":"WIRE STRAINER TENSOR DE ALUMINIO 1703"},"content":{"rendered":"","protected":false},"excerpt":{"rendered":"<p>Para usar con manivela de filtro y resorte de medici\u00f3n de tensi\u00f3n. El colador \/ estirador de alambre de estilo dentada, es resistente porque tiene un marco de zinc por inmersi\u00f3n en caliente. Renueva la tensi\u00f3n de la l\u00ednea fl\u00e1cida.<\/p>\n","protected":false},"featured_media":3160,"comment_status":"open","ping_status":"closed","template":"","meta":[],"product_brand":[],"product_cat":[72],"product_tag":[],"class_list":{"0":"post-3159","1":"product","2":"type-product","3":"status-publish","4":"has-post-thumbnail","6":"product_cat-cerco-electrico","8":"first","9":"instock","10":"shipping-taxable","11":"product-type-simple"},"_links":{"self":[{"href":"https:\/\/tecnopec.com\/tecnologia-produccion-pecuaria\/index.php\/wp-json\/wp\/v2\/product\/3159","targetHints":{"allow":["GET"]}}],"collection":[{"href":"https:\/\/tecnopec.com\/tecnologia-produccion-pecuaria\/index.php\/wp-json\/wp\/v2\/product"}],"about":[{"href":"https:\/\/tecnopec.com\/tecnologia-produccion-pecuaria\/index.php\/wp-json\/wp\/v2\/types\/product"}],"replies":[{"embeddable":true,"href":"https:\/\/tecnopec.com\/tecnologia-produccion-pecuaria\/index.php\/wp-json\/wp\/v2\/comments?post=3159"}],"wp:featuredmedia":[{"embeddable":true,"href":"https:\/\/tecnopec.com\/tecnologia-produccion-pecuaria\/index.php\/wp-json\/wp\/v2\/media\/3160"}],"wp:attachment":[{"href":"https:\/\/tecnopec.com\/tecnologia-produccion-pecuaria\/index.php\/wp-json\/wp\/v2\/media?parent=3159"}],"wp:term":[{"taxonomy":"product_brand","embeddable":true,"href":"https:\/\/tecnopec.com\/tecnologia-produccion-pecuaria\/index.php\/wp-json\/wp\/v2\/product_brand?post=3159"},{"taxonomy":"product_cat","embeddable":true,"href":"https:\/\/tecnopec.com\/tecnologia-produccion-pecuaria\/index.php\/wp-json\/wp\/v2\/product_cat?post=3159"},{"taxonomy":"product_tag","embeddable":true,"href":"https:\/\/tecnopec.com\/tecnologia-produccion-pecuaria\/index.php\/wp-json\/wp\/v2\/product_tag?post=3159"}],"curies":[{"name":"wp","href":"https:\/\/api.w.org\/{rel}","templated":true}]}}