{"id":3122,"date":"2023-11-07T07:56:15","date_gmt":"2023-11-07T13:56:15","guid":{"rendered":"https:\/\/tecnopec.com\/tecnologia-produccion-pecuaria\/?post_type=product&#038;p=3122"},"modified":"2023-11-07T08:01:25","modified_gmt":"2023-11-07T14:01:25","slug":"ultrachoice-8","status":"publish","type":"product","link":"https:\/\/tecnopec.com\/tecnologia-produccion-pecuaria\/index.php\/product\/ultrachoice-8\/","title":{"rendered":"Ultrachoice\u00ae 8"},"content":{"rendered":"<p><strong>Presentaci\u00f3n:\u00a0<\/strong><\/p>\n<p>10 Dosis &#8211; 50 Dosis<\/p>\n<p><strong>Ingrediente Activo:\u00a0<\/strong><\/p>\n<p>Bacterina con Antigenos Clostridales<\/p>\n<p><strong>Especie:<\/strong><\/p>\n<p>Bovinos<\/p>\n<p><strong>Dosis:\u00a0<\/strong><\/p>\n<p>Ganado bovino: Administrar as\u00e9pticamente 2 ml por v\u00eda subcut\u00e1nea. El ganado bovino sano debe recibir 2 dosis con un intervalo de 3 a 6 semanas.<\/p>\n","protected":false},"excerpt":{"rendered":"<p>Vacuna\u00a0para\u00a0ser usada en ganado bovino y ovino sano como una ayuda en la prevenci\u00f3n\u00a0de\u00a0la pierna negra, edema maligno, hemoglobinuria bacilar, enfermedad negra, gangrena gaseosa, enterotoxemia y enteritis.<\/p>\n<hr \/>\n<div class=\"button-product button-product-produccion-biologicos producttheme\"><\/div>\n<p>&nbsp;<\/p>\n","protected":false},"featured_media":3123,"comment_status":"open","ping_status":"closed","template":"","meta":[],"product_brand":[],"product_cat":[71],"product_tag":[],"class_list":{"0":"post-3122","1":"product","2":"type-product","3":"status-publish","4":"has-post-thumbnail","6":"product_cat-biologicos","8":"first","9":"instock","10":"shipping-taxable","11":"product-type-simple"},"_links":{"self":[{"href":"https:\/\/tecnopec.com\/tecnologia-produccion-pecuaria\/index.php\/wp-json\/wp\/v2\/product\/3122","targetHints":{"allow":["GET"]}}],"collection":[{"href":"https:\/\/tecnopec.com\/tecnologia-produccion-pecuaria\/index.php\/wp-json\/wp\/v2\/product"}],"about":[{"href":"https:\/\/tecnopec.com\/tecnologia-produccion-pecuaria\/index.php\/wp-json\/wp\/v2\/types\/product"}],"replies":[{"embeddable":true,"href":"https:\/\/tecnopec.com\/tecnologia-produccion-pecuaria\/index.php\/wp-json\/wp\/v2\/comments?post=3122"}],"wp:featuredmedia":[{"embeddable":true,"href":"https:\/\/tecnopec.com\/tecnologia-produccion-pecuaria\/index.php\/wp-json\/wp\/v2\/media\/3123"}],"wp:attachment":[{"href":"https:\/\/tecnopec.com\/tecnologia-produccion-pecuaria\/index.php\/wp-json\/wp\/v2\/media?parent=3122"}],"wp:term":[{"taxonomy":"product_brand","embeddable":true,"href":"https:\/\/tecnopec.com\/tecnologia-produccion-pecuaria\/index.php\/wp-json\/wp\/v2\/product_brand?post=3122"},{"taxonomy":"product_cat","embeddable":true,"href":"https:\/\/tecnopec.com\/tecnologia-produccion-pecuaria\/index.php\/wp-json\/wp\/v2\/product_cat?post=3122"},{"taxonomy":"product_tag","embeddable":true,"href":"https:\/\/tecnopec.com\/tecnologia-produccion-pecuaria\/index.php\/wp-json\/wp\/v2\/product_tag?post=3122"}],"curies":[{"name":"wp","href":"https:\/\/api.w.org\/{rel}","templated":true}]}}