{"id":3120,"date":"2023-11-07T07:47:06","date_gmt":"2023-11-07T13:47:06","guid":{"rendered":"https:\/\/tecnopec.com\/tecnologia-produccion-pecuaria\/?post_type=product&#038;p=3120"},"modified":"2025-12-09T13:31:44","modified_gmt":"2025-12-09T19:31:44","slug":"cattlemaster-gold","status":"publish","type":"product","link":"https:\/\/tecnopec.com\/tecnologia-produccion-pecuaria\/index.php\/product\/cattlemaster-gold\/","title":{"rendered":"CattleMaster\u00ae GOLD"},"content":{"rendered":"<p><strong>Presentaci\u00f3n:\u00a0<\/strong><\/p>\n<p>25 Dosis<\/p>\n<p><strong>Ingrediente Activo:\u00a0<\/strong><\/p>\n<p>IBR+DVB+PI3+BRSV+BACTERINA LEPTOSPIRAS<\/p>\n<p><strong>Especie:<\/strong><\/p>\n<p>Bovinos<\/p>\n<p><strong>Dosis:\u00a0<\/strong><\/p>\n<p>2 mL, v\u00eda intramuscular.<\/p>\n<p><strong>Peri\u00f3do de Resguardado:\u00a0<\/strong><\/p>\n<p>Carne: 21 d\u00edas<\/p>\n","protected":false},"excerpt":{"rendered":"<p>Vacuna inyectable viva Rinotraqueitis Infecciosa Bovina, Parainfluenza 3, Virus Sincicial Respiratorio Bovino e inactivada Diarrea Viral Bovina Como ayuda en la prevenci\u00f3n de cuadros respiratorios causados por el virus de la Rinotraqueitis Infecciosa Bovina (IBR), virus Parainfluenza 3 (PI3) y virus Sincicial Respiratorio Bovino (BRSV) y en la prevenci\u00f3n de abortos causado por el virus de la Rinotraque\u00edtis Infecciosa Bovina (IBR) y la infecci\u00f3n persistente en terneros causada por el virus de la Diarrea Viral Bovina (BVD) tipos I y II.<\/p>\n<hr \/>\n<div class=\"button-product button-product-produccion-biologicos producttheme\"><\/div>\n<p>&nbsp;<\/p>\n","protected":false},"featured_media":3121,"comment_status":"open","ping_status":"closed","template":"","meta":[],"product_brand":[],"product_cat":[71],"product_tag":[],"class_list":{"0":"post-3120","1":"product","2":"type-product","3":"status-publish","4":"has-post-thumbnail","6":"product_cat-biologicos","8":"first","9":"instock","10":"shipping-taxable","11":"product-type-simple"},"_links":{"self":[{"href":"https:\/\/tecnopec.com\/tecnologia-produccion-pecuaria\/index.php\/wp-json\/wp\/v2\/product\/3120","targetHints":{"allow":["GET"]}}],"collection":[{"href":"https:\/\/tecnopec.com\/tecnologia-produccion-pecuaria\/index.php\/wp-json\/wp\/v2\/product"}],"about":[{"href":"https:\/\/tecnopec.com\/tecnologia-produccion-pecuaria\/index.php\/wp-json\/wp\/v2\/types\/product"}],"replies":[{"embeddable":true,"href":"https:\/\/tecnopec.com\/tecnologia-produccion-pecuaria\/index.php\/wp-json\/wp\/v2\/comments?post=3120"}],"wp:featuredmedia":[{"embeddable":true,"href":"https:\/\/tecnopec.com\/tecnologia-produccion-pecuaria\/index.php\/wp-json\/wp\/v2\/media\/3121"}],"wp:attachment":[{"href":"https:\/\/tecnopec.com\/tecnologia-produccion-pecuaria\/index.php\/wp-json\/wp\/v2\/media?parent=3120"}],"wp:term":[{"taxonomy":"product_brand","embeddable":true,"href":"https:\/\/tecnopec.com\/tecnologia-produccion-pecuaria\/index.php\/wp-json\/wp\/v2\/product_brand?post=3120"},{"taxonomy":"product_cat","embeddable":true,"href":"https:\/\/tecnopec.com\/tecnologia-produccion-pecuaria\/index.php\/wp-json\/wp\/v2\/product_cat?post=3120"},{"taxonomy":"product_tag","embeddable":true,"href":"https:\/\/tecnopec.com\/tecnologia-produccion-pecuaria\/index.php\/wp-json\/wp\/v2\/product_tag?post=3120"}],"curies":[{"name":"wp","href":"https:\/\/api.w.org\/{rel}","templated":true}]}}