{"id":2516,"date":"2020-06-28T18:51:27","date_gmt":"2020-06-29T00:51:27","guid":{"rendered":"http:\/\/tecnopec.com\/tecnologia-produccion-pecuaria\/?post_type=product&#038;p=2516"},"modified":"2026-01-16T14:54:15","modified_gmt":"2026-01-16T20:54:15","slug":"dectomax","status":"publish","type":"product","link":"https:\/\/tecnopec.com\/tecnologia-produccion-pecuaria\/index.php\/product\/dectomax\/","title":{"rendered":"Dectomax\u00ae"},"content":{"rendered":"<p><b>Presentaci\u00f3n<\/b><strong>:<\/strong><\/p>\n<p>Frasco de 20 ml &#8211; 250 ml &#8211; 500 ml<\/p>\n<p><strong>Formula:\u00a0<\/strong><\/p>\n<p>Doramectina: 10 mg.<br \/>\nExcipientes c.s.p.: 100 ml.<\/p>\n<p><strong>Dosis:<\/strong><\/p>\n<p>Bovinos:<\/p>\n<p><em> Par\u00e1sitos gastrointestinales y pulmonares:<\/em> 1 ml cada 50 kg de peso vivo.\u00a0<em>Sarna y garrapatas:\u00a0<\/em>1 ml cada 50 kg de peso vivo.<\/p>\n<p>Ovinos:<\/p>\n<p><em>Par\u00e1sitos gastrointestinales y pulmonares:<\/em> 1 ml cada 50 kg de peso vivo.\u00a0<em>Sarna:\u00a0 <\/em>1 ml cada 50 kg de peso vivo (repetir a los 7 d\u00edas).<\/p>\n<p>Porcinos: 1 ml cada 33 kg de peso.<\/p>\n<p><strong>Acci\u00f3n: <\/strong><\/p>\n<p>Induce una r\u00e1pida par\u00e1lisis no esp\u00e1stica. por alteraci\u00f3n de la actividad del canal de i\u00f3n cloruro del sistema nervioso y muscular en nem\u00e1todos y artr\u00f3podos, lo cual ocasiona la muerte del par\u00e1sito sin producir ning\u00fan efecto contraproducente en el hospedador.<\/p>\n<p>Act\u00faa contra m\u00e1s par\u00e1sitos externos e internos por un per\u00edodo m\u00e1s prolongado que va de 21-35 d\u00edas, tanto por su mol\u00e9cula exclusica como por sus veh\u00edculos.<\/p>\n<p><strong>Especie:\u00a0<\/strong><\/p>\n<p>Bovino, ovino y\u00a0 porcino<\/p>\n<p>&nbsp;<\/p>\n","protected":false},"excerpt":{"rendered":"<p>Antiparasitario endectocida de amplio espectro y larga acci\u00f3n para el control de los par\u00e1sitos internos y externos econ\u00f3micamente importantes en bovinos y porcinos.<\/p>\n<p>Dectomax\u00ae Soluci\u00f3n Inyectable est\u00e1 indicado para el tratamiento y control de verminosis causados por nem\u00e1todos redondos gastrointestinales (adultos y larvas del 4to estad\u00edo), nem\u00e1todos pulmonares, garrapatas, miasis, piojos, moscas y \u00e1caros.<\/p>\n","protected":false},"featured_media":3232,"comment_status":"open","ping_status":"closed","template":"","meta":[],"product_brand":[],"product_cat":[56],"product_tag":[],"class_list":{"0":"post-2516","1":"product","2":"type-product","3":"status-publish","4":"has-post-thumbnail","6":"product_cat-desparasitantes","8":"first","9":"instock","10":"shipping-taxable","11":"product-type-simple"},"_links":{"self":[{"href":"https:\/\/tecnopec.com\/tecnologia-produccion-pecuaria\/index.php\/wp-json\/wp\/v2\/product\/2516","targetHints":{"allow":["GET"]}}],"collection":[{"href":"https:\/\/tecnopec.com\/tecnologia-produccion-pecuaria\/index.php\/wp-json\/wp\/v2\/product"}],"about":[{"href":"https:\/\/tecnopec.com\/tecnologia-produccion-pecuaria\/index.php\/wp-json\/wp\/v2\/types\/product"}],"replies":[{"embeddable":true,"href":"https:\/\/tecnopec.com\/tecnologia-produccion-pecuaria\/index.php\/wp-json\/wp\/v2\/comments?post=2516"}],"wp:featuredmedia":[{"embeddable":true,"href":"https:\/\/tecnopec.com\/tecnologia-produccion-pecuaria\/index.php\/wp-json\/wp\/v2\/media\/3232"}],"wp:attachment":[{"href":"https:\/\/tecnopec.com\/tecnologia-produccion-pecuaria\/index.php\/wp-json\/wp\/v2\/media?parent=2516"}],"wp:term":[{"taxonomy":"product_brand","embeddable":true,"href":"https:\/\/tecnopec.com\/tecnologia-produccion-pecuaria\/index.php\/wp-json\/wp\/v2\/product_brand?post=2516"},{"taxonomy":"product_cat","embeddable":true,"href":"https:\/\/tecnopec.com\/tecnologia-produccion-pecuaria\/index.php\/wp-json\/wp\/v2\/product_cat?post=2516"},{"taxonomy":"product_tag","embeddable":true,"href":"https:\/\/tecnopec.com\/tecnologia-produccion-pecuaria\/index.php\/wp-json\/wp\/v2\/product_tag?post=2516"}],"curies":[{"name":"wp","href":"https:\/\/api.w.org\/{rel}","templated":true}]}}